{"id":543,"date":"2016-10-18T00:11:14","date_gmt":"2016-10-17T21:11:14","guid":{"rendered":"http:\/\/waterix.wpengine.com\/fr\/?page_id=543"},"modified":"2023-08-10T07:04:32","modified_gmt":"2023-08-10T04:04:32","slug":"frontpage","status":"publish","type":"page","link":"https:\/\/www.waterix.fi\/fr\/","title":{"rendered":"Frontpage"},"content":{"rendered":"<h1><strong>Waterix est une soci\u00e9t\u00e9 finlandaise sp\u00e9cialis\u00e9e dans la conception, la fabrication, l&rsquo;installation et l&rsquo;entretien de syst\u00e8mes de traitement de l&rsquo;eau.<\/strong><\/h1>\n<p>LE SAVOIR-FAIRE TECHNIQUE AU SERVICE DE L&rsquo;INNOVATION<\/p>\n<p>Waterix\u00ae une marque d\u00e9pos\u00e9e de Waterix Ltd, est une gamme de syst\u00e8mes d&rsquo;a\u00e9ration, de m\u00e9lange et de refroidissement de qualit\u00e9 sup\u00e9rieure, utilis\u00e9s pour traiter les eaux us\u00e9es et les eaux naturelles dans les services publics, les entreprises de services et les industries de transformation du monde entier. Ne n\u00e9cessitant pratiquement aucun entretien, les produits Waterix sont faciles \u00e0 installer et \u00e0 entretenir.<\/p>\n<p>Waterix fournit des solutions qui mettent l&rsquo;accent sur la ma\u00eetrise des co\u00fbts et la r\u00e9duction de la consommation d&rsquo;\u00e9nergie.<\/p>\n","protected":false},"excerpt":{"rendered":"<p>Waterix est une soci\u00e9t\u00e9 finlandaise sp\u00e9cialis\u00e9e dans la conception, la fabrication, l&rsquo;installation et l&rsquo;entretien de syst\u00e8mes de traitement de l&rsquo;eau. LE SAVOIR-FAIRE TECHNIQUE AU SERVICE DE L&rsquo;INNOVATION Waterix\u00ae une marque d\u00e9pos\u00e9e de Waterix Ltd, est une gamme de syst\u00e8mes d&rsquo;a\u00e9ration, de m\u00e9lange et de refroidissement de qualit\u00e9 sup\u00e9rieure, utilis\u00e9s pour traiter les eaux us\u00e9es et [&hellip;]<\/p>\n","protected":false},"author":2,"featured_media":432,"parent":0,"menu_order":0,"comment_status":"closed","ping_status":"closed","template":"page-landingpage.php","meta":{"footnotes":""},"class_list":["post-543","page","type-page","status-publish","has-post-thumbnail","hentry"],"acf":[],"yoast_head":"<!-- This site is optimized with the Yoast SEO plugin v26.2 - https:\/\/yoast.com\/wordpress\/plugins\/seo\/ -->\n<title>Waterix - Cleaner water<\/title>\n<meta name=\"robots\" content=\"index, follow, max-snippet:-1, max-image-preview:large, max-video-preview:-1\" \/>\n<link rel=\"canonical\" href=\"https:\/\/www.waterix.fi\/fr\/\" \/>\n<meta property=\"og:locale\" content=\"fr_FR\" \/>\n<meta property=\"og:type\" content=\"article\" \/>\n<meta property=\"og:title\" content=\"Waterix - Cleaner water\" \/>\n<meta property=\"og:description\" content=\"Waterix est une soci\u00e9t\u00e9 finlandaise sp\u00e9cialis\u00e9e dans la conception, la fabrication, l&rsquo;installation et l&rsquo;entretien de syst\u00e8mes de traitement de l&rsquo;eau. LE SAVOIR-FAIRE TECHNIQUE AU SERVICE DE L&rsquo;INNOVATION Waterix\u00ae une marque d\u00e9pos\u00e9e de Waterix Ltd, est une gamme de syst\u00e8mes d&rsquo;a\u00e9ration, de m\u00e9lange et de refroidissement de qualit\u00e9 sup\u00e9rieure, utilis\u00e9s pour traiter les eaux us\u00e9es et [&hellip;]\" \/>\n<meta property=\"og:url\" content=\"https:\/\/www.waterix.fi\/fr\/\" \/>\n<meta property=\"og:site_name\" content=\"Waterix\" \/>\n<meta property=\"article:modified_time\" content=\"2023-08-10T04:04:32+00:00\" \/>\n<meta property=\"og:image\" content=\"https:\/\/www.waterix.fi\/wp-content\/uploads\/2016\/10\/front-footer-bg.jpg\" \/>\n\t<meta property=\"og:image:width\" content=\"1600\" \/>\n\t<meta property=\"og:image:height\" content=\"550\" \/>\n\t<meta property=\"og:image:type\" content=\"image\/jpeg\" \/>\n<meta name=\"twitter:card\" content=\"summary_large_image\" \/>\n<meta name=\"twitter:label1\" content=\"Dur\u00e9e de lecture estim\u00e9e\" \/>\n\t<meta name=\"twitter:data1\" content=\"1 minute\" \/>\n<script type=\"application\/ld+json\" class=\"yoast-schema-graph\">{\"@context\":\"https:\/\/schema.org\",\"@graph\":[{\"@type\":\"WebPage\",\"@id\":\"https:\/\/www.waterix.fi\/fr\/\",\"url\":\"https:\/\/www.waterix.fi\/fr\/\",\"name\":\"Waterix - Cleaner water\",\"isPartOf\":{\"@id\":\"https:\/\/www.waterix.fi\/fr\/#website\"},\"primaryImageOfPage\":{\"@id\":\"https:\/\/www.waterix.fi\/fr\/#primaryimage\"},\"image\":{\"@id\":\"https:\/\/www.waterix.fi\/fr\/#primaryimage\"},\"thumbnailUrl\":\"https:\/\/www.waterix.fi\/wp-content\/uploads\/2016\/10\/front-footer-bg.jpg\",\"datePublished\":\"2016-10-17T21:11:14+00:00\",\"dateModified\":\"2023-08-10T04:04:32+00:00\",\"breadcrumb\":{\"@id\":\"https:\/\/www.waterix.fi\/fr\/#breadcrumb\"},\"inLanguage\":\"fr-FR\",\"potentialAction\":[{\"@type\":\"ReadAction\",\"target\":[\"https:\/\/www.waterix.fi\/fr\/\"]}]},{\"@type\":\"ImageObject\",\"inLanguage\":\"fr-FR\",\"@id\":\"https:\/\/www.waterix.fi\/fr\/#primaryimage\",\"url\":\"https:\/\/www.waterix.fi\/wp-content\/uploads\/2016\/10\/front-footer-bg.jpg\",\"contentUrl\":\"https:\/\/www.waterix.fi\/wp-content\/uploads\/2016\/10\/front-footer-bg.jpg\",\"width\":1600,\"height\":550},{\"@type\":\"BreadcrumbList\",\"@id\":\"https:\/\/www.waterix.fi\/fr\/#breadcrumb\",\"itemListElement\":[{\"@type\":\"ListItem\",\"position\":1,\"name\":\"Etusivu\",\"item\":\"https:\/\/www.waterix.fi\/fr\/\"},{\"@type\":\"ListItem\",\"position\":2,\"name\":\"Frontpage\"}]},{\"@type\":\"WebSite\",\"@id\":\"https:\/\/www.waterix.fi\/fr\/#website\",\"url\":\"https:\/\/www.waterix.fi\/fr\/\",\"name\":\"Waterix\",\"description\":\"Vedenk\u00e4sittely ratkaisut\",\"potentialAction\":[{\"@type\":\"SearchAction\",\"target\":{\"@type\":\"EntryPoint\",\"urlTemplate\":\"https:\/\/www.waterix.fi\/fr\/?s={search_term_string}\"},\"query-input\":{\"@type\":\"PropertyValueSpecification\",\"valueRequired\":true,\"valueName\":\"search_term_string\"}}],\"inLanguage\":\"fr-FR\"}]}<\/script>\n<!-- \/ Yoast SEO plugin. -->","yoast_head_json":{"title":"Waterix - Cleaner water","robots":{"index":"index","follow":"follow","max-snippet":"max-snippet:-1","max-image-preview":"max-image-preview:large","max-video-preview":"max-video-preview:-1"},"canonical":"https:\/\/www.waterix.fi\/fr\/","og_locale":"fr_FR","og_type":"article","og_title":"Waterix - Cleaner water","og_description":"Waterix est une soci\u00e9t\u00e9 finlandaise sp\u00e9cialis\u00e9e dans la conception, la fabrication, l&rsquo;installation et l&rsquo;entretien de syst\u00e8mes de traitement de l&rsquo;eau. LE SAVOIR-FAIRE TECHNIQUE AU SERVICE DE L&rsquo;INNOVATION Waterix\u00ae une marque d\u00e9pos\u00e9e de Waterix Ltd, est une gamme de syst\u00e8mes d&rsquo;a\u00e9ration, de m\u00e9lange et de refroidissement de qualit\u00e9 sup\u00e9rieure, utilis\u00e9s pour traiter les eaux us\u00e9es et [&hellip;]","og_url":"https:\/\/www.waterix.fi\/fr\/","og_site_name":"Waterix","article_modified_time":"2023-08-10T04:04:32+00:00","og_image":[{"width":1600,"height":550,"url":"https:\/\/www.waterix.fi\/wp-content\/uploads\/2016\/10\/front-footer-bg.jpg","type":"image\/jpeg"}],"twitter_card":"summary_large_image","twitter_misc":{"Dur\u00e9e de lecture estim\u00e9e":"1 minute"},"schema":{"@context":"https:\/\/schema.org","@graph":[{"@type":"WebPage","@id":"https:\/\/www.waterix.fi\/fr\/","url":"https:\/\/www.waterix.fi\/fr\/","name":"Waterix - Cleaner water","isPartOf":{"@id":"https:\/\/www.waterix.fi\/fr\/#website"},"primaryImageOfPage":{"@id":"https:\/\/www.waterix.fi\/fr\/#primaryimage"},"image":{"@id":"https:\/\/www.waterix.fi\/fr\/#primaryimage"},"thumbnailUrl":"https:\/\/www.waterix.fi\/wp-content\/uploads\/2016\/10\/front-footer-bg.jpg","datePublished":"2016-10-17T21:11:14+00:00","dateModified":"2023-08-10T04:04:32+00:00","breadcrumb":{"@id":"https:\/\/www.waterix.fi\/fr\/#breadcrumb"},"inLanguage":"fr-FR","potentialAction":[{"@type":"ReadAction","target":["https:\/\/www.waterix.fi\/fr\/"]}]},{"@type":"ImageObject","inLanguage":"fr-FR","@id":"https:\/\/www.waterix.fi\/fr\/#primaryimage","url":"https:\/\/www.waterix.fi\/wp-content\/uploads\/2016\/10\/front-footer-bg.jpg","contentUrl":"https:\/\/www.waterix.fi\/wp-content\/uploads\/2016\/10\/front-footer-bg.jpg","width":1600,"height":550},{"@type":"BreadcrumbList","@id":"https:\/\/www.waterix.fi\/fr\/#breadcrumb","itemListElement":[{"@type":"ListItem","position":1,"name":"Etusivu","item":"https:\/\/www.waterix.fi\/fr\/"},{"@type":"ListItem","position":2,"name":"Frontpage"}]},{"@type":"WebSite","@id":"https:\/\/www.waterix.fi\/fr\/#website","url":"https:\/\/www.waterix.fi\/fr\/","name":"Waterix","description":"Vedenk\u00e4sittely ratkaisut","potentialAction":[{"@type":"SearchAction","target":{"@type":"EntryPoint","urlTemplate":"https:\/\/www.waterix.fi\/fr\/?s={search_term_string}"},"query-input":{"@type":"PropertyValueSpecification","valueRequired":true,"valueName":"search_term_string"}}],"inLanguage":"fr-FR"}]}},"featured_image_src":"https:\/\/www.waterix.fi\/wp-content\/uploads\/2016\/10\/front-footer-bg.jpg","featured_image_src_square":"https:\/\/www.waterix.fi\/wp-content\/uploads\/2016\/10\/front-footer-bg.jpg","_links":{"self":[{"href":"https:\/\/www.waterix.fi\/fr\/wp-json\/wp\/v2\/pages\/543","targetHints":{"allow":["GET"]}}],"collection":[{"href":"https:\/\/www.waterix.fi\/fr\/wp-json\/wp\/v2\/pages"}],"about":[{"href":"https:\/\/www.waterix.fi\/fr\/wp-json\/wp\/v2\/types\/page"}],"author":[{"embeddable":true,"href":"https:\/\/www.waterix.fi\/fr\/wp-json\/wp\/v2\/users\/2"}],"replies":[{"embeddable":true,"href":"https:\/\/www.waterix.fi\/fr\/wp-json\/wp\/v2\/comments?post=543"}],"version-history":[{"count":0,"href":"https:\/\/www.waterix.fi\/fr\/wp-json\/wp\/v2\/pages\/543\/revisions"}],"wp:featuredmedia":[{"embeddable":true,"href":"https:\/\/www.waterix.fi\/fr\/wp-json\/wp\/v2\/media\/432"}],"wp:attachment":[{"href":"https:\/\/www.waterix.fi\/fr\/wp-json\/wp\/v2\/media?parent=543"}],"curies":[{"name":"wp","href":"https:\/\/api.w.org\/{rel}","templated":true}]}}